{"id":402,"date":"2022-02-27T19:17:33","date_gmt":"2022-02-27T18:17:33","guid":{"rendered":"https:\/\/whoconductstheorchestra.eu\/?page_id=402"},"modified":"2022-05-29T21:11:48","modified_gmt":"2022-05-29T19:11:48","slug":"proje-ciktilari","status":"publish","type":"page","link":"https:\/\/whoconductstheorchestra.eu\/index.php\/proje-ciktilari\/","title":{"rendered":"Proje \u00c7\u0131kt\u0131lar\u0131"},"content":{"rendered":"\n<p>50 ebeveyn\/veli (her \u00fclkeden 10) ve 25 \u00f6\u011fretmen\/pedagogdan (her \u00fclkeden 5) olu\u015fan uluslararas\u0131 bir test grubu<\/p>\n\n\n\n<p>Test gruplar\u0131n\u0131n okul aile i\u015f birli\u011fi ve ileti\u015fim deneyimlerine dayanan uluslararas\u0131 nitel bir ara\u015ft\u0131rma<\/p>\n\n\n\n<p>Okul aile i\u015f birli\u011fine ili\u015fkin mevcut uygulamalar\u0131n uluslararas\u0131 d\u00fczeyde bir haritas\u0131 &nbsp;<\/p>\n\n\n\n<p>Okul aile i\u015f birli\u011fine yeni bir bak\u0131\u015f a\u00e7\u0131s\u0131 getiren ve d\u00f6rt temel ilkeye (\u0130li\u015fkiler, Ahlak, \u00d6z denetim ve \u00c7evre) dayanan \u201cOrkestray\u0131 Kim Y\u00f6netiyor\u201d y\u00f6ntemi<\/p>\n\n\n\n<p>\u00d6\u011fretmenlerin ve pedagoglar\u0131n y\u00f6ntemi ihtiya\u00e7lar\u0131na g\u00f6re uyarlayabilmeleri i\u00e7in geli\u015ftirilen dijital bir platform.<\/p>\n\n\n\n<p><\/p>\n\n\n\n<figure class=\"wp-block-embed is-type-video is-provider-youtube wp-block-embed-youtube wp-embed-aspect-16-9 wp-has-aspect-ratio\"><div class=\"wp-block-embed__wrapper\">\n<iframe loading=\"lazy\" title=\"WCO The research\" width=\"750\" height=\"422\" src=\"https:\/\/www.youtube.com\/embed\/qyWTQQiciCc?feature=oembed\" frameborder=\"0\" allow=\"accelerometer; autoplay; clipboard-write; encrypted-media; gyroscope; picture-in-picture\" allowfullscreen><\/iframe>\n<\/div><\/figure>\n\n\n\n<figure class=\"wp-block-embed is-type-video is-provider-youtube wp-block-embed-youtube wp-embed-aspect-16-9 wp-has-aspect-ratio\"><div class=\"wp-block-embed__wrapper\">\n<iframe loading=\"lazy\" title=\"WCO Evaluation of the project\" width=\"750\" height=\"422\" src=\"https:\/\/www.youtube.com\/embed\/kblvzTrVqM8?feature=oembed\" frameborder=\"0\" allow=\"accelerometer; autoplay; clipboard-write; encrypted-media; gyroscope; picture-in-picture\" allowfullscreen><\/iframe>\n<\/div><\/figure>\n\n\n\n<p><strong>Download reports here:<\/strong><\/p>\n\n\n\n<p>IO1: <a href=\"http:\/\/whoconductstheorchestra.eu\/wp-content\/uploads\/2022\/05\/WCO-Summary-of-the-Focus-Group-Interview-Data.pdf\">Download Summary report on Focus Group interviews<\/a><\/p>\n\n\n\n<p>IO2: <a rel=\"noreferrer noopener\" href=\"http:\/\/whoconductstheorchestra.eu\/wp-content\/uploads\/2022\/02\/Turkey.pdf\" target=\"_blank\">Download Handbook in turkish<\/a><\/p>\n\n\n\n<p>IO2: <a href=\"http:\/\/whoconductstheorchestra.eu\/wp-content\/uploads\/2022\/05\/Collection-of-Best-Practice.pdf\" target=\"_blank\" rel=\"noreferrer noopener\">Download collection of Best Practice Examples<\/a><\/p>\n\n\n\n<p>IO2: <a rel=\"noreferrer noopener\" href=\"http:\/\/whoconductstheorchestra.eu\/wp-content\/uploads\/2022\/05\/Test-case-descriptions.pdf\" data-type=\"URL\" data-id=\"http:\/\/whoconductstheorchestra.eu\/wp-content\/uploads\/2022\/05\/Test-case-descriptions.pdf\" target=\"_blank\">Download examples of test case activities from the WCO project<\/a><\/p>\n\n\n\n<p>IO3: See WCO Platform here: <a rel=\"noreferrer noopener\" href=\"https:\/\/vcc.vifin.dk\/start\/wco\" target=\"_blank\">Go to Online Learning Platform<\/a><\/p>\n\n\n\n<p>Press the link above. For access to all the chapters on the Online Platform use the following login information:<\/p>\n\n\n\n<p><strong>Username:<\/strong>&nbsp;wco2022<\/p>\n\n\n\n<p><strong>Password:<\/strong>\u00a0welcome<\/p>\n\n\n\n<p>O4: <a rel=\"noreferrer noopener\" href=\"http:\/\/whoconductstheorchestra.eu\/wp-content\/uploads\/2022\/05\/WCO-Test-phase-and-final-Evaluation.pdf\" data-type=\"URL\" data-id=\"http:\/\/whoconductstheorchestra.eu\/wp-content\/uploads\/2022\/05\/WCO-Test-phase-and-final-Evaluation.pdf\" target=\"_blank\">Download presentation of evaluation here<\/a> (See video presentation above)<\/p>\n","protected":false},"excerpt":{"rendered":"<p>50 ebeveyn\/veli (her \u00fclkeden 10) ve 25 \u00f6\u011fretmen\/pedagogdan (her \u00fclkeden 5) olu\u015fan uluslararas\u0131 bir test grubu Test gruplar\u0131n\u0131n okul aile i\u015f birli\u011fi ve ileti\u015fim deneyimlerine dayanan uluslararas\u0131 nitel bir ara\u015ft\u0131rma Okul aile i\u015f birli\u011fine ili\u015fkin mevcut uygulamalar\u0131n uluslararas\u0131 d\u00fczeyde bir<\/p>\n","protected":false},"author":1,"featured_media":0,"parent":0,"menu_order":0,"comment_status":"closed","ping_status":"closed","template":"","meta":[],"_links":{"self":[{"href":"https:\/\/whoconductstheorchestra.eu\/index.php\/wp-json\/wp\/v2\/pages\/402"}],"collection":[{"href":"https:\/\/whoconductstheorchestra.eu\/index.php\/wp-json\/wp\/v2\/pages"}],"about":[{"href":"https:\/\/whoconductstheorchestra.eu\/index.php\/wp-json\/wp\/v2\/types\/page"}],"author":[{"embeddable":true,"href":"https:\/\/whoconductstheorchestra.eu\/index.php\/wp-json\/wp\/v2\/users\/1"}],"replies":[{"embeddable":true,"href":"https:\/\/whoconductstheorchestra.eu\/index.php\/wp-json\/wp\/v2\/comments?post=402"}],"version-history":[{"count":6,"href":"https:\/\/whoconductstheorchestra.eu\/index.php\/wp-json\/wp\/v2\/pages\/402\/revisions"}],"predecessor-version":[{"id":555,"href":"https:\/\/whoconductstheorchestra.eu\/index.php\/wp-json\/wp\/v2\/pages\/402\/revisions\/555"}],"wp:attachment":[{"href":"https:\/\/whoconductstheorchestra.eu\/index.php\/wp-json\/wp\/v2\/media?parent=402"}],"curies":[{"name":"wp","href":"https:\/\/api.w.org\/{rel}","templated":true}]}}