{"id":391,"date":"2022-02-27T19:08:17","date_gmt":"2022-02-27T18:08:17","guid":{"rendered":"https:\/\/whoconductstheorchestra.eu\/?page_id=391"},"modified":"2022-05-29T21:12:31","modified_gmt":"2022-05-29T19:12:31","slug":"projektets-resultater","status":"publish","type":"page","link":"https:\/\/whoconductstheorchestra.eu\/index.php\/projektets-resultater\/","title":{"rendered":"Projektets resultater"},"content":{"rendered":"\n<p>En tv\u00e6rnational testgruppe gruppe best\u00e5ende af 50 for\u00e6ldre\/omsorgspersoner (10 for\u00e6ldre pr. land) og 25 l\u00e6rere\/p\u00e6dagoger (5 l\u00e6rere\/p\u00e6dagoger pr. land).<\/p>\n\n\n\n<p>Tv\u00e6rnational kvalitativ forskning baseret p\u00e5 testgruppernes erfaringer med familie\/skolesamarbejde og kommunikation.<\/p>\n\n\n\n<p>En tv\u00e6rnational kortl\u00e6gning af den nuv\u00e6rende praksis vedr\u00f8rende familie\/skolesamarbejde.<\/p>\n\n\n\n<p>En fuldt udviklet metode \u201dHvem dirigerer orkestret&#8221;, der fornyer for\u00e6ldre \/omsorgsperson \/ skole samarbejde og inkorporerer de fire grundl\u00e6ggende elementer: Relationer, moral, selvkontrol og milj\u00f8.<\/p>\n\n\n\n<p>Udvikling af en digital platform, hvor l\u00e6rere og p\u00e6dagoger kan skr\u00e6ddersy metoden til deres behov.<\/p>\n\n\n\n<figure class=\"wp-block-embed is-type-video is-provider-youtube wp-block-embed-youtube wp-embed-aspect-16-9 wp-has-aspect-ratio\"><div class=\"wp-block-embed__wrapper\">\n<iframe loading=\"lazy\" title=\"WCO The research\" width=\"750\" height=\"422\" src=\"https:\/\/www.youtube.com\/embed\/qyWTQQiciCc?feature=oembed\" frameborder=\"0\" allow=\"accelerometer; autoplay; clipboard-write; encrypted-media; gyroscope; picture-in-picture\" allowfullscreen><\/iframe>\n<\/div><\/figure>\n\n\n\n<figure class=\"wp-block-embed is-type-video is-provider-youtube wp-block-embed-youtube wp-embed-aspect-16-9 wp-has-aspect-ratio\"><div class=\"wp-block-embed__wrapper\">\n<iframe loading=\"lazy\" title=\"WCO Evaluation of the project\" width=\"750\" height=\"422\" src=\"https:\/\/www.youtube.com\/embed\/kblvzTrVqM8?feature=oembed\" frameborder=\"0\" allow=\"accelerometer; autoplay; clipboard-write; encrypted-media; gyroscope; picture-in-picture\" allowfullscreen><\/iframe>\n<\/div><\/figure>\n\n\n\n<p><strong>Download rapporter her<\/strong>:<\/p>\n\n\n\n<p>IO1: <a href=\"http:\/\/whoconductstheorchestra.eu\/wp-content\/uploads\/2022\/05\/WCO-Summary-of-the-Focus-Group-Interview-Data.pdf\">Download Summary report on Focus Group interviews<\/a><\/p>\n\n\n\n<p>IO2: <a rel=\"noreferrer noopener\" href=\"http:\/\/whoconductstheorchestra.eu\/wp-content\/uploads\/2022\/02\/Denmark.pdf\" target=\"_blank\">Download Handbook in danish<\/a><\/p>\n\n\n\n<p>IO2: <a href=\"http:\/\/whoconductstheorchestra.eu\/wp-content\/uploads\/2022\/05\/Collection-of-Best-Practice.pdf\" target=\"_blank\" rel=\"noreferrer noopener\">Download collection of Best Practice Examples<\/a><\/p>\n\n\n\n<p>IO2: <a rel=\"noreferrer noopener\" href=\"http:\/\/whoconductstheorchestra.eu\/wp-content\/uploads\/2022\/05\/Test-case-descriptions.pdf\" data-type=\"URL\" data-id=\"http:\/\/whoconductstheorchestra.eu\/wp-content\/uploads\/2022\/05\/Test-case-descriptions.pdf\" target=\"_blank\">Download examples of test case activities from the WCO project<\/a><\/p>\n\n\n\n<p>IO3: See WCO Platform here: <a rel=\"noreferrer noopener\" href=\"https:\/\/vcc.vifin.dk\/start\/wco\" target=\"_blank\">Go to Online Learning Platform<\/a><\/p>\n\n\n\n<p>Press the link above. For access to all the chapters on the Online Platform use the following login information:<\/p>\n\n\n\n<p><strong>Username:<\/strong>&nbsp;wco2022<\/p>\n\n\n\n<p><strong>Password:<\/strong>\u00a0welcome<\/p>\n\n\n\n<p>O4: <a rel=\"noreferrer noopener\" href=\"http:\/\/whoconductstheorchestra.eu\/wp-content\/uploads\/2022\/05\/WCO-Test-phase-and-final-Evaluation.pdf\" data-type=\"URL\" data-id=\"http:\/\/whoconductstheorchestra.eu\/wp-content\/uploads\/2022\/05\/WCO-Test-phase-and-final-Evaluation.pdf\" target=\"_blank\">Download presentation of evaluation here<\/a> (See video presentation above)<\/p>\n","protected":false},"excerpt":{"rendered":"<p>En tv\u00e6rnational testgruppe gruppe best\u00e5ende af 50 for\u00e6ldre\/omsorgspersoner (10 for\u00e6ldre pr. land) og 25 l\u00e6rere\/p\u00e6dagoger (5 l\u00e6rere\/p\u00e6dagoger pr. land). Tv\u00e6rnational kvalitativ forskning baseret p\u00e5 testgruppernes erfaringer med familie\/skolesamarbejde og kommunikation. En tv\u00e6rnational kortl\u00e6gning af den nuv\u00e6rende praksis vedr\u00f8rende familie\/skolesamarbejde. En<\/p>\n","protected":false},"author":1,"featured_media":0,"parent":0,"menu_order":0,"comment_status":"closed","ping_status":"closed","template":"","meta":[],"_links":{"self":[{"href":"https:\/\/whoconductstheorchestra.eu\/index.php\/wp-json\/wp\/v2\/pages\/391"}],"collection":[{"href":"https:\/\/whoconductstheorchestra.eu\/index.php\/wp-json\/wp\/v2\/pages"}],"about":[{"href":"https:\/\/whoconductstheorchestra.eu\/index.php\/wp-json\/wp\/v2\/types\/page"}],"author":[{"embeddable":true,"href":"https:\/\/whoconductstheorchestra.eu\/index.php\/wp-json\/wp\/v2\/users\/1"}],"replies":[{"embeddable":true,"href":"https:\/\/whoconductstheorchestra.eu\/index.php\/wp-json\/wp\/v2\/comments?post=391"}],"version-history":[{"count":7,"href":"https:\/\/whoconductstheorchestra.eu\/index.php\/wp-json\/wp\/v2\/pages\/391\/revisions"}],"predecessor-version":[{"id":557,"href":"https:\/\/whoconductstheorchestra.eu\/index.php\/wp-json\/wp\/v2\/pages\/391\/revisions\/557"}],"wp:attachment":[{"href":"https:\/\/whoconductstheorchestra.eu\/index.php\/wp-json\/wp\/v2\/media?parent=391"}],"curies":[{"name":"wp","href":"https:\/\/api.w.org\/{rel}","templated":true}]}}