{"id":375,"date":"2022-02-27T18:54:55","date_gmt":"2022-02-27T17:54:55","guid":{"rendered":"https:\/\/whoconductstheorchestra.eu\/?page_id=375"},"modified":"2022-05-29T20:17:15","modified_gmt":"2022-05-29T18:17:15","slug":"handbog-og-online-platform","status":"publish","type":"page","link":"https:\/\/whoconductstheorchestra.eu\/index.php\/handbog-og-online-platform\/","title":{"rendered":"H\u00e5ndbog og Online Platform"},"content":{"rendered":"\n<figure class=\"wp-block-image size-large\"><img loading=\"lazy\" width=\"1024\" height=\"576\" src=\"http:\/\/whoconductstheorchestra.eu\/wp-content\/uploads\/2022\/02\/Slide1-1024x576.png\" alt=\"\" class=\"wp-image-285\" srcset=\"https:\/\/whoconductstheorchestra.eu\/wp-content\/uploads\/2022\/02\/Slide1-1024x576.png 1024w, https:\/\/whoconductstheorchestra.eu\/wp-content\/uploads\/2022\/02\/Slide1-300x169.png 300w, https:\/\/whoconductstheorchestra.eu\/wp-content\/uploads\/2022\/02\/Slide1-768x432.png 768w, https:\/\/whoconductstheorchestra.eu\/wp-content\/uploads\/2022\/02\/Slide1.png 1280w\" sizes=\"(max-width: 1024px) 100vw, 1024px\" \/><\/figure>\n\n\n\n<p><a rel=\"noreferrer noopener\" href=\"http:\/\/whoconductstheorchestra.eu\/wp-content\/uploads\/2022\/02\/Denmark.pdf\" target=\"_blank\">Download H\u00e5ndbog<\/a><\/p>\n\n\n\n<figure class=\"wp-block-image size-large\"><img loading=\"lazy\" width=\"1024\" height=\"855\" src=\"http:\/\/whoconductstheorchestra.eu\/wp-content\/uploads\/2022\/04\/lande-1024x855.jpg\" alt=\"\" class=\"wp-image-516\" srcset=\"https:\/\/whoconductstheorchestra.eu\/wp-content\/uploads\/2022\/04\/lande-1024x855.jpg 1024w, https:\/\/whoconductstheorchestra.eu\/wp-content\/uploads\/2022\/04\/lande-300x250.jpg 300w, https:\/\/whoconductstheorchestra.eu\/wp-content\/uploads\/2022\/04\/lande-768x641.jpg 768w, https:\/\/whoconductstheorchestra.eu\/wp-content\/uploads\/2022\/04\/lande-1536x1282.jpg 1536w, https:\/\/whoconductstheorchestra.eu\/wp-content\/uploads\/2022\/04\/lande.jpg 1620w\" sizes=\"(max-width: 1024px) 100vw, 1024px\" \/><\/figure>\n\n\n\n<p><a rel=\"noreferrer noopener\" href=\"https:\/\/vcc.vifin.dk\/start\/wco\" target=\"_blank\">G\u00e5 til Online L\u00e6ringsplatform<\/a><\/p>\n\n\n\n<p>Klik p\u00e5 ovenst\u00e5ende link. For adgang til alle kapitler p\u00e5 Online Platformen login med nedenst\u00e5ende.<\/p>\n\n\n\n<p><strong>Username:<\/strong> wco2022<\/p>\n\n\n\n<p><strong>Password:<\/strong> welcome<\/p>\n\n\n\n<figure class=\"wp-block-embed is-type-video is-provider-youtube wp-block-embed-youtube wp-embed-aspect-16-9 wp-has-aspect-ratio\"><div class=\"wp-block-embed__wrapper\">\n<iframe loading=\"lazy\" title=\"WCO Introduction to the handbook and online platform\" width=\"750\" height=\"422\" src=\"https:\/\/www.youtube.com\/embed\/aepSYFZh1ew?feature=oembed\" frameborder=\"0\" allow=\"accelerometer; autoplay; clipboard-write; encrypted-media; gyroscope; picture-in-picture\" allowfullscreen><\/iframe>\n<\/div><\/figure>\n","protected":false},"excerpt":{"rendered":"<p>Download H\u00e5ndbog G\u00e5 til Online L\u00e6ringsplatform Klik p\u00e5 ovenst\u00e5ende link. For adgang til alle kapitler p\u00e5 Online Platformen login med nedenst\u00e5ende. Username: wco2022 Password: welcome<\/p>\n","protected":false},"author":1,"featured_media":0,"parent":0,"menu_order":0,"comment_status":"closed","ping_status":"closed","template":"","meta":[],"_links":{"self":[{"href":"https:\/\/whoconductstheorchestra.eu\/index.php\/wp-json\/wp\/v2\/pages\/375"}],"collection":[{"href":"https:\/\/whoconductstheorchestra.eu\/index.php\/wp-json\/wp\/v2\/pages"}],"about":[{"href":"https:\/\/whoconductstheorchestra.eu\/index.php\/wp-json\/wp\/v2\/types\/page"}],"author":[{"embeddable":true,"href":"https:\/\/whoconductstheorchestra.eu\/index.php\/wp-json\/wp\/v2\/users\/1"}],"replies":[{"embeddable":true,"href":"https:\/\/whoconductstheorchestra.eu\/index.php\/wp-json\/wp\/v2\/comments?post=375"}],"version-history":[{"count":10,"href":"https:\/\/whoconductstheorchestra.eu\/index.php\/wp-json\/wp\/v2\/pages\/375\/revisions"}],"predecessor-version":[{"id":542,"href":"https:\/\/whoconductstheorchestra.eu\/index.php\/wp-json\/wp\/v2\/pages\/375\/revisions\/542"}],"wp:attachment":[{"href":"https:\/\/whoconductstheorchestra.eu\/index.php\/wp-json\/wp\/v2\/media?parent=375"}],"curies":[{"name":"wp","href":"https:\/\/api.w.org\/{rel}","templated":true}]}}