{"id":356,"date":"2022-02-27T18:34:56","date_gmt":"2022-02-27T17:34:56","guid":{"rendered":"https:\/\/whoconductstheorchestra.eu\/?page_id=356"},"modified":"2022-02-28T11:10:06","modified_gmt":"2022-02-28T10:10:06","slug":"contesto-del-progetto-wco","status":"publish","type":"page","link":"https:\/\/whoconductstheorchestra.eu\/index.php\/contesto-del-progetto-wco\/","title":{"rendered":"Contesto del progetto WCO"},"content":{"rendered":"\n<figure class=\"wp-block-image size-full\"><img loading=\"lazy\" width=\"859\" height=\"645\" src=\"http:\/\/whoconductstheorchestra.eu\/wp-content\/uploads\/2022\/02\/spain2-2.jpg\" alt=\"\" class=\"wp-image-499\" srcset=\"https:\/\/whoconductstheorchestra.eu\/wp-content\/uploads\/2022\/02\/spain2-2.jpg 859w, https:\/\/whoconductstheorchestra.eu\/wp-content\/uploads\/2022\/02\/spain2-2-300x225.jpg 300w, https:\/\/whoconductstheorchestra.eu\/wp-content\/uploads\/2022\/02\/spain2-2-768x577.jpg 768w\" sizes=\"(max-width: 859px) 100vw, 859px\" \/><\/figure>\n\n\n\n<p>La ricerca mostra che gli alunni i cui genitori partecipano attivamente alla loro vita educativa hanno risultati migliori per quanto riguarda l&#8217;istruzione, il lavoro, la salute, l&#8217;economia e la conduzione di una vita lontana dalla criminalit\u00e0.<br>Gli insegnanti e i pedagogisti sono fondamentali quando si tratta di coinvolgere i genitori nell&#8217;educazione sociale e culturale dei loro figli a scuola, ma non hanno metodi utili per riuscirci. Il progetto \u00abWho Conducts the Orchestra? &#8211; Una responsabilit\u00e0 condivisa di genitori e insegnanti per l&#8217;educazione sociale e culturale dei bambini\u00bb mira a creare la consapevolezza dell&#8217;importanza dei genitori nella vita scolastica dei bambini e a sviluppare metodi concreti per migliorare la collaborazione tra insegnanti, pedagogisti e genitori.<br>Gli elementi chiave del progetto si basano sulle teorie di P.-O. Wikstr\u00f6m, professore di Criminologia all&#8217;Universit\u00e0 di Cambridge, e su una metodologia e un programma di formazione interdisciplinare chiamato &#8216;Who Conducts the Orchestra&#8217;, sviluppato nel Comune di Vejle, Danimarca, per trattare con bambini e giovani difficili.<br>Secondo Wikstr\u00f6m, i bambini che crescono con buone relazioni, buona morale ed educazione, che imparano l&#8217;autocontrollo e crescono in un ambiente sano, diventano resistenti al crimine e all&#8217;abuso, e sperimentano una maggiore autostima (Wikstr\u00f6m, 2016).<br>Gli ambienti pi\u00f9 importanti per imparare l&#8217;autocontrollo e sviluppare la moralit\u00e0 personale sono la famiglia e la scuola. Una buona collaborazione tra la famiglia e la scuola e un senso di responsabilit\u00e0 condivisa sono essenziali per coinvolgere i genitori nelle attivit\u00e0 scolastiche e quindi nella formazione sociale e culturale dei loro figli.<\/p>\n","protected":false},"excerpt":{"rendered":"<p>La ricerca mostra che gli alunni i cui genitori partecipano attivamente alla loro vita educativa hanno risultati migliori per quanto riguarda l&#8217;istruzione, il lavoro, la salute, l&#8217;economia e la conduzione di una vita lontana dalla criminalit\u00e0.Gli insegnanti e i pedagogisti<\/p>\n","protected":false},"author":1,"featured_media":0,"parent":0,"menu_order":0,"comment_status":"closed","ping_status":"closed","template":"","meta":[],"_links":{"self":[{"href":"https:\/\/whoconductstheorchestra.eu\/index.php\/wp-json\/wp\/v2\/pages\/356"}],"collection":[{"href":"https:\/\/whoconductstheorchestra.eu\/index.php\/wp-json\/wp\/v2\/pages"}],"about":[{"href":"https:\/\/whoconductstheorchestra.eu\/index.php\/wp-json\/wp\/v2\/types\/page"}],"author":[{"embeddable":true,"href":"https:\/\/whoconductstheorchestra.eu\/index.php\/wp-json\/wp\/v2\/users\/1"}],"replies":[{"embeddable":true,"href":"https:\/\/whoconductstheorchestra.eu\/index.php\/wp-json\/wp\/v2\/comments?post=356"}],"version-history":[{"count":2,"href":"https:\/\/whoconductstheorchestra.eu\/index.php\/wp-json\/wp\/v2\/pages\/356\/revisions"}],"predecessor-version":[{"id":501,"href":"https:\/\/whoconductstheorchestra.eu\/index.php\/wp-json\/wp\/v2\/pages\/356\/revisions\/501"}],"wp:attachment":[{"href":"https:\/\/whoconductstheorchestra.eu\/index.php\/wp-json\/wp\/v2\/media?parent=356"}],"curies":[{"name":"wp","href":"https:\/\/api.w.org\/{rel}","templated":true}]}}