{"id":353,"date":"2022-02-27T18:32:21","date_gmt":"2022-02-27T17:32:21","guid":{"rendered":"https:\/\/whoconductstheorchestra.eu\/?page_id=353"},"modified":"2022-02-28T11:10:35","modified_gmt":"2022-02-28T10:10:35","slug":"wco-projesinin-arka-plani","status":"publish","type":"page","link":"https:\/\/whoconductstheorchestra.eu\/index.php\/wco-projesinin-arka-plani\/","title":{"rendered":"WCO Projesinin Arka Plan\u0131"},"content":{"rendered":"\n<figure class=\"wp-block-image size-full\"><img loading=\"lazy\" width=\"859\" height=\"645\" src=\"http:\/\/whoconductstheorchestra.eu\/wp-content\/uploads\/2022\/02\/spain2-2.jpg\" alt=\"\" class=\"wp-image-499\" srcset=\"https:\/\/whoconductstheorchestra.eu\/wp-content\/uploads\/2022\/02\/spain2-2.jpg 859w, https:\/\/whoconductstheorchestra.eu\/wp-content\/uploads\/2022\/02\/spain2-2-300x225.jpg 300w, https:\/\/whoconductstheorchestra.eu\/wp-content\/uploads\/2022\/02\/spain2-2-768x577.jpg 768w\" sizes=\"(max-width: 859px) 100vw, 859px\" \/><\/figure>\n\n\n\n<p>Ara\u015ft\u0131rmalar, ebeveynleri e\u011fitim hayat\u0131nda aktif olarak yer alan \u00f6\u011frencilerin e\u011fitim, i\u015f, sa\u011fl\u0131k, ekonomi ve su\u00e7tan uzak bir ya\u015fam s\u00fcrme konular\u0131nda daha ba\u015far\u0131l\u0131 olduklar\u0131n\u0131 g\u00f6stermektedir.<br>Ebeveynleri \u00e7ocuklar\u0131n\u0131n okuldaki sosyal ve k\u00fclt\u00fcrel e\u011fitimine d\u00e2hil etme konusunda \u00f6\u011fretmenler ve pedagoglar \u00e7ok \u00f6nemli bir rol oynamaktad\u0131r; ancak ba\u015far\u0131l\u0131 olmak i\u00e7in yararl\u0131 y\u00f6ntemlerden yoksundurlar. \u2018Orkestray\u0131 Kim Y\u00f6netiyor? \u2013 \u00c7ocuklar\u0131n sosyal ve k\u00fclt\u00fcrel e\u011fitimi i\u00e7in ebeveynlerin ve \u00f6\u011fretmenlerin ortak sorumlulu\u011fu&#8217; projesi, ebeveynlerin \u00e7ocuklar\u0131n okul ya\u015fam\u0131ndaki \u00f6nemi konusunda fark\u0131ndal\u0131k yaratmay\u0131 ve \u00f6\u011fretmenler, pedagoglar ve ebeveynler aras\u0131ndaki i\u015f birli\u011fini geli\u015ftirmek i\u00e7in somut y\u00f6ntemler geli\u015ftirmeyi ama\u00e7lamaktad\u0131r.<br>Projenin temel unsurlar\u0131, Cambridge \u00dcniversitesi\u2019nde kriminoloji profes\u00f6r\u00fc olan P. O. Wikstr\u00f6m\u2019\u00fcn teorilerine ve Vejle Belediyesi, Danimarka\u2019da zor \u00e7ocuklar ve gen\u00e7lerle ba\u015fa \u00e7\u0131kmak i\u00e7in geli\u015ftirilen \u2018Orkestray\u0131 Kim Y\u00f6netiyor\u2019 adl\u0131 disiplinler aras\u0131 bir e\u011fitim program\u0131na dayanmaktad\u0131r.<br>Wikstr\u00f6m&#8217;e g\u00f6re, iyi ili\u015fkiler, g\u00fczel ahlak ve e\u011fitimle b\u00fcy\u00fcyen, \u00f6z denetimi \u00f6\u011frenen ve sa\u011fl\u0131kl\u0131 bir \u00e7evrede b\u00fcy\u00fcyen \u00e7ocuklar, su\u00e7a ve istismara kar\u015f\u0131 diren\u00e7li hale gelir ve bu \u00e7ocuklar\u0131n \u00f6zsayg\u0131lar\u0131 daha y\u00fcksek olur (Wikstr\u00f6m, 2016).<br>\u00d6z denetimi \u00f6\u011frenmek ve ki\u015fisel ahlak\u0131 geli\u015ftirmek i\u00e7in en \u00f6nemli ortamlar aile ve okuldur. Aile ve okul aras\u0131nda iyi bir i\u015fbirli\u011fi ve payla\u015f\u0131lan sorumluluk duygusu, ebeveynleri okul faaliyetlerine ve dolay\u0131s\u0131yla \u00e7ocuklar\u0131n\u0131n sosyal ve k\u00fclt\u00fcrel e\u011fitimine d\u00e2hil etmek i\u00e7in \u00e7ok \u00f6nemlidir.<\/p>\n","protected":false},"excerpt":{"rendered":"<p>Ara\u015ft\u0131rmalar, ebeveynleri e\u011fitim hayat\u0131nda aktif olarak yer alan \u00f6\u011frencilerin e\u011fitim, i\u015f, sa\u011fl\u0131k, ekonomi ve su\u00e7tan uzak bir ya\u015fam s\u00fcrme konular\u0131nda daha ba\u015far\u0131l\u0131 olduklar\u0131n\u0131 g\u00f6stermektedir.Ebeveynleri \u00e7ocuklar\u0131n\u0131n okuldaki sosyal ve k\u00fclt\u00fcrel e\u011fitimine d\u00e2hil etme konusunda \u00f6\u011fretmenler ve pedagoglar \u00e7ok \u00f6nemli bir rol<\/p>\n","protected":false},"author":1,"featured_media":0,"parent":0,"menu_order":0,"comment_status":"closed","ping_status":"closed","template":"","meta":[],"_links":{"self":[{"href":"https:\/\/whoconductstheorchestra.eu\/index.php\/wp-json\/wp\/v2\/pages\/353"}],"collection":[{"href":"https:\/\/whoconductstheorchestra.eu\/index.php\/wp-json\/wp\/v2\/pages"}],"about":[{"href":"https:\/\/whoconductstheorchestra.eu\/index.php\/wp-json\/wp\/v2\/types\/page"}],"author":[{"embeddable":true,"href":"https:\/\/whoconductstheorchestra.eu\/index.php\/wp-json\/wp\/v2\/users\/1"}],"replies":[{"embeddable":true,"href":"https:\/\/whoconductstheorchestra.eu\/index.php\/wp-json\/wp\/v2\/comments?post=353"}],"version-history":[{"count":2,"href":"https:\/\/whoconductstheorchestra.eu\/index.php\/wp-json\/wp\/v2\/pages\/353\/revisions"}],"predecessor-version":[{"id":502,"href":"https:\/\/whoconductstheorchestra.eu\/index.php\/wp-json\/wp\/v2\/pages\/353\/revisions\/502"}],"wp:attachment":[{"href":"https:\/\/whoconductstheorchestra.eu\/index.php\/wp-json\/wp\/v2\/media?parent=353"}],"curies":[{"name":"wp","href":"https:\/\/api.w.org\/{rel}","templated":true}]}}