{"id":347,"date":"2022-02-27T18:25:13","date_gmt":"2022-02-27T17:25:13","guid":{"rendered":"https:\/\/whoconductstheorchestra.eu\/?page_id=347"},"modified":"2022-02-28T11:11:07","modified_gmt":"2022-02-28T10:11:07","slug":"antecedentes-del-proyecto-wco","status":"publish","type":"page","link":"https:\/\/whoconductstheorchestra.eu\/index.php\/antecedentes-del-proyecto-wco\/","title":{"rendered":"Antecedentes del Proyecto WCO"},"content":{"rendered":"\n<figure class=\"wp-block-image size-full\"><img loading=\"lazy\" width=\"859\" height=\"645\" src=\"http:\/\/whoconductstheorchestra.eu\/wp-content\/uploads\/2022\/02\/spain2-2.jpg\" alt=\"\" class=\"wp-image-499\" srcset=\"https:\/\/whoconductstheorchestra.eu\/wp-content\/uploads\/2022\/02\/spain2-2.jpg 859w, https:\/\/whoconductstheorchestra.eu\/wp-content\/uploads\/2022\/02\/spain2-2-300x225.jpg 300w, https:\/\/whoconductstheorchestra.eu\/wp-content\/uploads\/2022\/02\/spain2-2-768x577.jpg 768w\" sizes=\"(max-width: 859px) 100vw, 859px\" \/><\/figure>\n\n\n\n<p>Las investigaciones demuestran que los alumnos cuyos padres participan activamente en su vida educativa obtienen mejores resultados en lo que respecta a la educaci\u00f3n, el empleo, la salud, la econom\u00eda y la vida alejada de la delincuencia.<br>Los profesores y los pedagogos son fundamentales a la hora de implicar a los padres en la educaci\u00f3n social y cultural de sus hijos en la escuela, pero carecen de m\u00e9todos \u00fatiles para conseguirlo. El proyecto &#8220;\u00bfQui\u00e9n dirige la orquesta? &#8211; Una responsabilidad compartida de padres y profesores en la educaci\u00f3n social y cultural de los ni\u00f1os&#8221; pretende concienciar sobre la importancia de los padres en la vida escolar de los ni\u00f1os y desarrollar m\u00e9todos concretos para mejorar la colaboraci\u00f3n entre profesores, pedagogos y padres.<br>Los elementos clave del proyecto se basan en las teor\u00edas de P.-O. Wikstr\u00f6m, profesor de Criminolog\u00eda de la Universidad de Cambridge, y en una metodolog\u00eda y un programa de formaci\u00f3n interdisciplinar denominado &#8220;\u00bfQui\u00e9n dirige la orquesta?&#8221;, desarrollado en el municipio de Vejle (Dinamarca) para tratar con ni\u00f1os y j\u00f3venes problem\u00e1ticos.<br>Seg\u00fan Wikstr\u00f6m, los ni\u00f1os que crecen con buenas relaciones, buenas costumbres y educaci\u00f3n, que aprenden el autocontrol y crecen en un ambiente saludable, se vuelven resistentes a la delincuencia y al abuso, y experimentan una mayor autoestima (Wikstr\u00f6m, 2016).<br>Los ambientes m\u00e1s importantes para el aprendizaje del autocontrol y el desarrollo de la moral personal son la familia y la escuela. Una buena colaboraci\u00f3n entre la familia y la escuela y un sentido de responsabilidad compartida son esenciales para implicar a los padres en las actividades escolares y, por tanto, en la educaci\u00f3n social y cultural de sus hijos.<\/p>\n","protected":false},"excerpt":{"rendered":"<p>Las investigaciones demuestran que los alumnos cuyos padres participan activamente en su vida educativa obtienen mejores resultados en lo que respecta a la educaci\u00f3n, el empleo, la salud, la econom\u00eda y la vida alejada de la delincuencia.Los profesores y los<\/p>\n","protected":false},"author":1,"featured_media":0,"parent":0,"menu_order":0,"comment_status":"closed","ping_status":"closed","template":"","meta":[],"_links":{"self":[{"href":"https:\/\/whoconductstheorchestra.eu\/index.php\/wp-json\/wp\/v2\/pages\/347"}],"collection":[{"href":"https:\/\/whoconductstheorchestra.eu\/index.php\/wp-json\/wp\/v2\/pages"}],"about":[{"href":"https:\/\/whoconductstheorchestra.eu\/index.php\/wp-json\/wp\/v2\/types\/page"}],"author":[{"embeddable":true,"href":"https:\/\/whoconductstheorchestra.eu\/index.php\/wp-json\/wp\/v2\/users\/1"}],"replies":[{"embeddable":true,"href":"https:\/\/whoconductstheorchestra.eu\/index.php\/wp-json\/wp\/v2\/comments?post=347"}],"version-history":[{"count":2,"href":"https:\/\/whoconductstheorchestra.eu\/index.php\/wp-json\/wp\/v2\/pages\/347\/revisions"}],"predecessor-version":[{"id":503,"href":"https:\/\/whoconductstheorchestra.eu\/index.php\/wp-json\/wp\/v2\/pages\/347\/revisions\/503"}],"wp:attachment":[{"href":"https:\/\/whoconductstheorchestra.eu\/index.php\/wp-json\/wp\/v2\/media?parent=347"}],"curies":[{"name":"wp","href":"https:\/\/api.w.org\/{rel}","templated":true}]}}