{"id":344,"date":"2022-02-27T18:18:27","date_gmt":"2022-02-27T17:18:27","guid":{"rendered":"https:\/\/whoconductstheorchestra.eu\/?page_id=344"},"modified":"2022-02-27T18:18:27","modified_gmt":"2022-02-27T17:18:27","slug":"proje-ortaklari","status":"publish","type":"page","link":"https:\/\/whoconductstheorchestra.eu\/index.php\/proje-ortaklari\/","title":{"rendered":"Proje Ortaklar\u0131"},"content":{"rendered":"\n<p>Projede, T\u00fcrkiye, \u0130ngiltere, \u0130spanya, \u0130talya ve Danimarka\u2019dan \u00e7e\u015fitli alanlardan kurumlar\u0131 temsil eden ortaklar yer almaktad\u0131r. Ortaklar aras\u0131nda bir belediye, bir \u00fcniversite, aile dan\u0131\u015fmanl\u0131\u011f\u0131 merkezleri ve yerel bir kurulu\u015f bulunmakta ve proje, \u00e7ocuklar ve e\u011fitimle ilgili konularda aktif olarak \u00e7al\u0131\u015fan bu kurumlar taraf\u0131ndan y\u00fcr\u00fct\u00fclmektedir.<\/p>\n\n\n\n<figure class=\"wp-block-image size-full\"><img loading=\"lazy\" width=\"920\" height=\"791\" src=\"http:\/\/whoconductstheorchestra.eu\/wp-content\/uploads\/2022\/02\/partmap.png\" alt=\"\" class=\"wp-image-314\" srcset=\"https:\/\/whoconductstheorchestra.eu\/wp-content\/uploads\/2022\/02\/partmap.png 920w, https:\/\/whoconductstheorchestra.eu\/wp-content\/uploads\/2022\/02\/partmap-300x258.png 300w, https:\/\/whoconductstheorchestra.eu\/wp-content\/uploads\/2022\/02\/partmap-768x660.png 768w\" sizes=\"(max-width: 920px) 100vw, 920px\" \/><\/figure>\n\n\n\n<p><a href=\"https:\/\/www.vifin.dk\/index.php\/da\/\">VIFIN \u2013 <\/a><a href=\"https:\/\/www.vifin.dk\/index.php\/da\/\">Vejle<\/a><a href=\"https:\/\/www.vifin.dk\/index.php\/da\/\">, <\/a><a href=\"https:\/\/www.vifin.dk\/index.php\/da\/\">D<\/a><a href=\"https:\/\/www.vifin.dk\/index.php\/da\/\">animarka<\/a><\/p>\n\n\n\n<p><a href=\"http:\/\/www.iaf-alicante.es\/\">INSTITUTO ALICANTINO DE LA FAMILIA \u2013 Alicante, <\/a><a href=\"http:\/\/www.iaf-alicante.es\/\">\u0130spanya<\/a><\/p>\n\n\n\n<p><a href=\"https:\/\/www.cu.edu.tr\/\">\u00c7<\/a><a href=\"https:\/\/www.cu.edu.tr\/\">ukurova<\/a><a href=\"https:\/\/www.cu.edu.tr\/\"> <\/a><a href=\"https:\/\/www.cu.edu.tr\/\">\u00dcniversitesi<\/a><a href=\"https:\/\/www.cu.edu.tr\/\"> <\/a><a href=\"https:\/\/www.cu.edu.tr\/\">&#8211; Adana, <\/a><a href=\"https:\/\/www.cu.edu.tr\/\">T\u00fcrkiye<\/a><\/p>\n\n\n\n<p><a href=\"https:\/\/www.cscinovara.it\/it-IT\/valorizzazione-sviluppo-territoriale\/\">Consorzio<\/a><a href=\"https:\/\/www.cscinovara.it\/it-IT\/valorizzazione-sviluppo-territoriale\/\"> <\/a><a href=\"https:\/\/www.cscinovara.it\/it-IT\/valorizzazione-sviluppo-territoriale\/\">Scuola<\/a><a href=\"https:\/\/www.cscinovara.it\/it-IT\/valorizzazione-sviluppo-territoriale\/\"> <\/a><a href=\"https:\/\/www.cscinovara.it\/it-IT\/valorizzazione-sviluppo-territoriale\/\">Comunita<\/a><a href=\"https:\/\/www.cscinovara.it\/it-IT\/valorizzazione-sviluppo-territoriale\/\">&#8216; Impresa (CSCI) \u2013 Novara, <\/a><a href=\"https:\/\/www.cscinovara.it\/it-IT\/valorizzazione-sviluppo-territoriale\/\">\u0130talya<\/a><\/p>\n\n\n\n<p><a href=\"https:\/\/www.lbhf.gov.uk\/children-and-young-people\/education-support-services\/climate-education\">London Borough of Hammersmith &amp; Fulham (LBHF<\/a><a href=\"https:\/\/www.lbhf.gov.uk\/children-and-young-people\/education-support-services\/climate-education\">)<\/a><a href=\"https:\/\/www.lbhf.gov.uk\/children-and-young-people\/education-support-services\/climate-education\">&#8211; Birle\u015fik Krall\u0131k<\/a><\/p>\n","protected":false},"excerpt":{"rendered":"<p>Projede, T\u00fcrkiye, \u0130ngiltere, \u0130spanya, \u0130talya ve Danimarka\u2019dan \u00e7e\u015fitli alanlardan kurumlar\u0131 temsil eden ortaklar yer almaktad\u0131r. Ortaklar aras\u0131nda bir belediye, bir \u00fcniversite, aile dan\u0131\u015fmanl\u0131\u011f\u0131 merkezleri ve yerel bir kurulu\u015f bulunmakta ve proje, \u00e7ocuklar ve e\u011fitimle ilgili konularda aktif olarak \u00e7al\u0131\u015fan bu<\/p>\n","protected":false},"author":1,"featured_media":0,"parent":0,"menu_order":0,"comment_status":"closed","ping_status":"closed","template":"","meta":[],"_links":{"self":[{"href":"https:\/\/whoconductstheorchestra.eu\/index.php\/wp-json\/wp\/v2\/pages\/344"}],"collection":[{"href":"https:\/\/whoconductstheorchestra.eu\/index.php\/wp-json\/wp\/v2\/pages"}],"about":[{"href":"https:\/\/whoconductstheorchestra.eu\/index.php\/wp-json\/wp\/v2\/types\/page"}],"author":[{"embeddable":true,"href":"https:\/\/whoconductstheorchestra.eu\/index.php\/wp-json\/wp\/v2\/users\/1"}],"replies":[{"embeddable":true,"href":"https:\/\/whoconductstheorchestra.eu\/index.php\/wp-json\/wp\/v2\/comments?post=344"}],"version-history":[{"count":1,"href":"https:\/\/whoconductstheorchestra.eu\/index.php\/wp-json\/wp\/v2\/pages\/344\/revisions"}],"predecessor-version":[{"id":345,"href":"https:\/\/whoconductstheorchestra.eu\/index.php\/wp-json\/wp\/v2\/pages\/344\/revisions\/345"}],"wp:attachment":[{"href":"https:\/\/whoconductstheorchestra.eu\/index.php\/wp-json\/wp\/v2\/media?parent=344"}],"curies":[{"name":"wp","href":"https:\/\/api.w.org\/{rel}","templated":true}]}}