{"id":338,"date":"2022-02-27T18:11:45","date_gmt":"2022-02-27T17:11:45","guid":{"rendered":"https:\/\/whoconductstheorchestra.eu\/?page_id=338"},"modified":"2022-02-27T18:11:45","modified_gmt":"2022-02-27T17:11:45","slug":"projektpartnere","status":"publish","type":"page","link":"https:\/\/whoconductstheorchestra.eu\/index.php\/projektpartnere\/","title":{"rendered":"Projektpartnere"},"content":{"rendered":"\n<p>Partnerne er fra Tyrkiet, England, Spanien, Italien og Danmark og repr\u00e6senterer et tv\u00e6rsnit af agenturer: en kommune, et universitet, et familier\u00e5d og en lokal organisation, der arbejder aktivt med b\u00f8rn og uddannelse p\u00e5 mange m\u00e5der, vil gennemf\u00f8re projektet.<\/p>\n\n\n\n<figure class=\"wp-block-image size-full\"><img loading=\"lazy\" width=\"920\" height=\"791\" src=\"http:\/\/whoconductstheorchestra.eu\/wp-content\/uploads\/2022\/02\/partmap.png\" alt=\"\" class=\"wp-image-314\" srcset=\"https:\/\/whoconductstheorchestra.eu\/wp-content\/uploads\/2022\/02\/partmap.png 920w, https:\/\/whoconductstheorchestra.eu\/wp-content\/uploads\/2022\/02\/partmap-300x258.png 300w, https:\/\/whoconductstheorchestra.eu\/wp-content\/uploads\/2022\/02\/partmap-768x660.png 768w\" sizes=\"(max-width: 920px) 100vw, 920px\" \/><\/figure>\n\n\n\n<p><a href=\"https:\/\/www.vifin.dk\/index.php\/da\/\">VIFIN \u2013 Vejle, Denmark<\/a><\/p>\n\n\n\n<p><a href=\"http:\/\/www.iaf-alicante.es\/\">INSTITUTO ALICANTINO DE LA FAMILIA \u2013 Alicante, Spain<\/a><\/p>\n\n\n\n<p><a href=\"https:\/\/www.cu.edu.tr\/\">\u00c7ukurova<\/a><a href=\"https:\/\/www.cu.edu.tr\/\"> University &#8211; Adana, Turkey<\/a><\/p>\n\n\n\n<p><a href=\"https:\/\/www.cscinovara.it\/it-IT\/valorizzazione-sviluppo-territoriale\/\">Consorzio<\/a><a href=\"https:\/\/www.cscinovara.it\/it-IT\/valorizzazione-sviluppo-territoriale\/\"> <\/a><a href=\"https:\/\/www.cscinovara.it\/it-IT\/valorizzazione-sviluppo-territoriale\/\">Scuola<\/a><a href=\"https:\/\/www.cscinovara.it\/it-IT\/valorizzazione-sviluppo-territoriale\/\"> <\/a><a href=\"https:\/\/www.cscinovara.it\/it-IT\/valorizzazione-sviluppo-territoriale\/\">Comunita<\/a><a href=\"https:\/\/www.cscinovara.it\/it-IT\/valorizzazione-sviluppo-territoriale\/\">&#8216; Impresa (CSCI) \u2013 Novara, Italy<\/a><\/p>\n\n\n\n<p><a href=\"https:\/\/www.lbhf.gov.uk\/children-and-young-people\/education-support-services\/climate-education\">London Borough of Hammersmith &amp; Fulham (LBHF) UK<\/a><\/p>\n","protected":false},"excerpt":{"rendered":"<p>Partnerne er fra Tyrkiet, England, Spanien, Italien og Danmark og repr\u00e6senterer et tv\u00e6rsnit af agenturer: en kommune, et universitet, et familier\u00e5d og en lokal organisation, der arbejder aktivt med b\u00f8rn og uddannelse p\u00e5 mange m\u00e5der, vil gennemf\u00f8re projektet. VIFIN \u2013<\/p>\n","protected":false},"author":1,"featured_media":0,"parent":0,"menu_order":0,"comment_status":"closed","ping_status":"closed","template":"","meta":[],"_links":{"self":[{"href":"https:\/\/whoconductstheorchestra.eu\/index.php\/wp-json\/wp\/v2\/pages\/338"}],"collection":[{"href":"https:\/\/whoconductstheorchestra.eu\/index.php\/wp-json\/wp\/v2\/pages"}],"about":[{"href":"https:\/\/whoconductstheorchestra.eu\/index.php\/wp-json\/wp\/v2\/types\/page"}],"author":[{"embeddable":true,"href":"https:\/\/whoconductstheorchestra.eu\/index.php\/wp-json\/wp\/v2\/users\/1"}],"replies":[{"embeddable":true,"href":"https:\/\/whoconductstheorchestra.eu\/index.php\/wp-json\/wp\/v2\/comments?post=338"}],"version-history":[{"count":1,"href":"https:\/\/whoconductstheorchestra.eu\/index.php\/wp-json\/wp\/v2\/pages\/338\/revisions"}],"predecessor-version":[{"id":339,"href":"https:\/\/whoconductstheorchestra.eu\/index.php\/wp-json\/wp\/v2\/pages\/338\/revisions\/339"}],"wp:attachment":[{"href":"https:\/\/whoconductstheorchestra.eu\/index.php\/wp-json\/wp\/v2\/media?parent=338"}],"curies":[{"name":"wp","href":"https:\/\/api.w.org\/{rel}","templated":true}]}}