{"id":297,"date":"2022-02-25T14:15:59","date_gmt":"2022-02-25T13:15:59","guid":{"rendered":"https:\/\/whoconductstheorchestra.eu\/?page_id=297"},"modified":"2022-02-28T05:24:57","modified_gmt":"2022-02-28T04:24:57","slug":"turk","status":"publish","type":"page","link":"https:\/\/whoconductstheorchestra.eu\/index.php\/turk\/","title":{"rendered":"T\u00fcrk"},"content":{"rendered":"\n<figure class=\"wp-block-image size-full\"><img loading=\"lazy\" width=\"575\" height=\"554\" src=\"https:\/\/whoconductstheorchestra.eu\/wp-content\/uploads\/2022\/02\/turkey4.jpg\" alt=\"\" class=\"wp-image-341\" srcset=\"https:\/\/whoconductstheorchestra.eu\/wp-content\/uploads\/2022\/02\/turkey4.jpg 575w, https:\/\/whoconductstheorchestra.eu\/wp-content\/uploads\/2022\/02\/turkey4-300x289.jpg 300w\" sizes=\"(max-width: 575px) 100vw, 575px\" \/><\/figure>\n\n\n\n<p>Okullar, \u00f6\u011frenciler ve aileler aras\u0131nda iyi ili\u015fkiler kurmaya odaklanan bir Erasmus + projesi olan Orkestray\u0131 Kim Y\u00f6netiyor projesine ho\u015f geldiniz. Projenin amac\u0131, \u00f6\u011fretmenler ve pedagoglar i\u00e7in, ebeveynleri\/velileri \u00e7ocuklar\u0131n\u0131n geli\u015fimi ve e\u011fitimine daha kapsaml\u0131 bir \u015fekilde dahil eden ve i\u015f birli\u011fini iyile\u015ftiren bir y\u00f6ntem geli\u015ftirmektir.<\/p>\n\n\n\n<p>Orkestray\u0131 Kim Y\u00f6netiyor program\u0131, hem bireysel olarak \u00e7ocu\u011fu hem de aileyi etkileyen tetikleyici fakt\u00f6rler ve mekanizmalar hakk\u0131nda ortak bir bilgi olu\u015ftururken, kat\u0131l\u0131mc\u0131lara tamamen yeni bir profesyonelle\u015fme ve disiplinler aras\u0131 i\u015f birli\u011fi bi\u00e7imi sunmaktad\u0131r.<br>Sonu\u00e7 olarak, bunun, &#8216;risk alt\u0131ndaki&#8217; gruplardaki \u00e7ocuklar\u0131n ve gen\u00e7lerin neden genellikle \u00f6zel bir davran\u0131\u015f kal\u0131b\u0131 se\u00e7tiklerini ve sa\u011fl\u0131kl\u0131 ortamlardan koptuklar\u0131n\u0131 anlamam\u0131za yard\u0131mc\u0131 olaca\u011f\u0131n\u0131 umuyoruz.<br>M\u00fckemmel destek sa\u011flayan k\u00f6kl\u00fc ve son derece profesyonel meslek kategorileri olmalar\u0131na ra\u011fmen, ne ilk ve orta \u00f6\u011fretim kurumlar\u0131n\u0131n, ne sa\u011fl\u0131k\u00e7\u0131 ziyaretlerinin ne de ailenin \u00e7abalar\u0131n\u0131n, \u00f6nleyici \u00e7al\u0131\u015fman\u0131n zorluklar\u0131 kar\u015f\u0131s\u0131nda tek ba\u015f\u0131na yeterli olmalar\u0131 m\u00fcmk\u00fcnd\u00fcr.<br>Amac\u0131m\u0131z, kat\u0131l\u0131mc\u0131lar\u0131n \u00f6nleyici \u00e7al\u0131\u015fman\u0131n zorluklar\u0131n\u0131 yeni bir bak\u0131\u015f a\u00e7\u0131s\u0131yla anlamalar\u0131n\u0131 sa\u011flayan yeni bir \u00e7er\u00e7eve olu\u015fturmakt\u0131r.<\/p>\n\n\n\n<figure class=\"wp-block-embed is-type-video is-provider-youtube wp-block-embed-youtube wp-embed-aspect-16-9 wp-has-aspect-ratio\"><div class=\"wp-block-embed__wrapper\">\n<iframe loading=\"lazy\" title=\"WCO  introduction to the project\" width=\"750\" height=\"422\" src=\"https:\/\/www.youtube.com\/embed\/cpYI0e01jTg?feature=oembed\" frameborder=\"0\" allow=\"accelerometer; autoplay; clipboard-write; encrypted-media; gyroscope; picture-in-picture\" allowfullscreen><\/iframe>\n<\/div><\/figure>\n","protected":false},"excerpt":{"rendered":"<p>Okullar, \u00f6\u011frenciler ve aileler aras\u0131nda iyi ili\u015fkiler kurmaya odaklanan bir Erasmus + projesi olan Orkestray\u0131 Kim Y\u00f6netiyor projesine ho\u015f geldiniz. Projenin amac\u0131, \u00f6\u011fretmenler ve pedagoglar i\u00e7in, ebeveynleri\/velileri \u00e7ocuklar\u0131n\u0131n geli\u015fimi ve e\u011fitimine daha kapsaml\u0131 bir \u015fekilde dahil eden ve i\u015f birli\u011fini<\/p>\n","protected":false},"author":1,"featured_media":0,"parent":0,"menu_order":0,"comment_status":"closed","ping_status":"closed","template":"","meta":[],"_links":{"self":[{"href":"https:\/\/whoconductstheorchestra.eu\/index.php\/wp-json\/wp\/v2\/pages\/297"}],"collection":[{"href":"https:\/\/whoconductstheorchestra.eu\/index.php\/wp-json\/wp\/v2\/pages"}],"about":[{"href":"https:\/\/whoconductstheorchestra.eu\/index.php\/wp-json\/wp\/v2\/types\/page"}],"author":[{"embeddable":true,"href":"https:\/\/whoconductstheorchestra.eu\/index.php\/wp-json\/wp\/v2\/users\/1"}],"replies":[{"embeddable":true,"href":"https:\/\/whoconductstheorchestra.eu\/index.php\/wp-json\/wp\/v2\/comments?post=297"}],"version-history":[{"count":3,"href":"https:\/\/whoconductstheorchestra.eu\/index.php\/wp-json\/wp\/v2\/pages\/297\/revisions"}],"predecessor-version":[{"id":415,"href":"https:\/\/whoconductstheorchestra.eu\/index.php\/wp-json\/wp\/v2\/pages\/297\/revisions\/415"}],"wp:attachment":[{"href":"https:\/\/whoconductstheorchestra.eu\/index.php\/wp-json\/wp\/v2\/media?parent=297"}],"curies":[{"name":"wp","href":"https:\/\/api.w.org\/{rel}","templated":true}]}}